{"id":9410,"date":"2020-07-15T09:07:48","date_gmt":"2020-07-15T07:07:48","guid":{"rendered":"https:\/\/www.anamonro.si\/?page_id=9410"},"modified":"2020-07-15T11:53:05","modified_gmt":"2020-07-15T09:53:05","slug":"anadesetnica2020","status":"publish","type":"page","link":"https:\/\/www.anamonro.si\/en\/anadesetnica2020\/","title":{"rendered":""},"content":{"rendered":"<p><strong><em>Ana Desetnica 2020<\/em>\u00a0<\/strong>festival will take place in <strong>two parts<\/strong> &#8211; at the beginning and at the end of the summer.\u00a0Therefore the slogan <strong><em>F<\/em><em>rame of summer<\/em>. <\/strong><\/p>\n<p><strong>Part 1<\/strong> (27.6.-4.7.) statistics: <strong>7<\/strong> towns (Kamnik, Nova Gorica, Ljubljana, Gornja Radgona, Se\u017eana, Kr\u0161ko, Ilirska Bistrica),\u00a0<strong>13<\/strong> venues<span style=\"font-size: 1rem;\">, <\/span><strong style=\"font-size: 1rem;\">75 <\/strong>artists<span style=\"font-size: 1rem;\">,\u00a0<strong>20\u00a0<\/strong>different performances and\u00a0<strong>38 <\/strong>events all together.<\/span><\/p>\n<p><span style=\"font-size: 1rem;\">Inspired by <\/span><em style=\"font-size: 1rem;\"><span style=\"text-decoration: underline;\"><a href=\"https:\/\/www.anamonro.si\/en\/ana-under-your-window\/\"><strong>Ana under your window<\/strong><\/a><\/span><\/em><span style=\"font-size: 1rem;\"> initiative, which we started during the time of quarantine, in Ljubljana (1.-4.7.) most of the festival programme <\/span><span style=\"font-size: 1rem;\">took place in <strong>residential neighborhoods<\/strong>.\u00a0<\/span>But the first day of the festival, we performed it in the city center, where we premiered our new street production, the interactive ecological show <a href=\"https:\/\/www.anamonro.si\/en\/pillar\/last-catch\/\"><span style=\"text-decoration: underline;\"><strong><em>Last Catch<\/em><\/strong><\/span><\/a>.<\/p>\n<p><span style=\"text-decoration: underline;\"><strong>Part 2: 17.-20.9. \/\/ Ljubljana, Nova Gorica, Novo mesto, \u0160o\u0161tanj&#8230;\u00a0<\/strong><\/span><\/p>\n","protected":false},"excerpt":{"rendered":"<p>Ana Desetnica 2020\u00a0festival will take place in two parts &#8211; at the beginning and at the end of the summer.\u00a0Therefore the slogan Frame of summer. Part 1 (27.6.-4.7.) statistics: 7 towns (Kamnik, Nova Gorica, Ljubljana, Gornja Radgona, Se\u017eana, Kr\u0161ko, Ilirska Bistrica),\u00a013 venues, 75 artists,\u00a020\u00a0different performances and\u00a038 events all together. Inspired by Ana under your window &#8230; <\/p>\n","protected":false},"author":2,"featured_media":8892,"parent":0,"menu_order":0,"comment_status":"closed","ping_status":"closed","template":"","meta":{"_acf_changed":false,"footnotes":""},"class_list":["post-9410","page","type-page","status-publish","has-post-thumbnail","hentry"],"acf":[],"yoast_head":"<!-- This site is optimized with the Yoast SEO plugin v27.4 - https:\/\/yoast.com\/product\/yoast-seo-wordpress\/ -->\n<title>- Ana Monro<\/title>\n<meta name=\"description\" content=\"Gledali\u0161\u010de Ane Monro je osrednja uli\u010dno-gledali\u0161ka organizacija v Sloveniji, ki umetnikom nudi rast, krepitev in ne nazadnje tudi zaslu\u017eek.\" \/>\n<meta name=\"robots\" content=\"index, follow, max-snippet:-1, max-image-preview:large, max-video-preview:-1\" \/>\n<link rel=\"canonical\" href=\"https:\/\/www.anamonro.si\/en\/anadesetnica2020\/\" \/>\n<meta property=\"og:locale\" content=\"en_US\" \/>\n<meta property=\"og:type\" content=\"article\" \/>\n<meta property=\"og:title\" content=\"- Ana Monro\" \/>\n<meta property=\"og:description\" content=\"Gledali\u0161\u010de Ane Monro je osrednja uli\u010dno-gledali\u0161ka organizacija v Sloveniji, ki umetnikom nudi rast, krepitev in ne nazadnje tudi zaslu\u017eek.\" \/>\n<meta property=\"og:url\" content=\"https:\/\/www.anamonro.si\/en\/anadesetnica2020\/\" \/>\n<meta property=\"og:site_name\" content=\"Ana Monro\" \/>\n<meta property=\"article:modified_time\" content=\"2020-07-15T09:53:05+00:00\" \/>\n<meta property=\"og:image\" content=\"https:\/\/www.anamonro.si\/wp-content\/uploads\/2018\/08\/ANA-DESETNICA-2020-LOGO.jpg\" \/>\n\t<meta property=\"og:image:width\" content=\"851\" \/>\n\t<meta property=\"og:image:height\" content=\"567\" \/>\n\t<meta property=\"og:image:type\" content=\"image\/jpeg\" \/>\n<meta name=\"twitter:card\" content=\"summary_large_image\" \/>\n<meta name=\"twitter:label1\" content=\"Est. reading time\" \/>\n\t<meta name=\"twitter:data1\" content=\"1 minute\" \/>\n<script type=\"application\/ld+json\" class=\"yoast-schema-graph\">{\"@context\":\"https:\\\/\\\/schema.org\",\"@graph\":[{\"@type\":\"WebPage\",\"@id\":\"https:\\\/\\\/www.anamonro.si\\\/en\\\/anadesetnica2020\\\/\",\"url\":\"https:\\\/\\\/www.anamonro.si\\\/en\\\/anadesetnica2020\\\/\",\"name\":\"- Ana Monro\",\"isPartOf\":{\"@id\":\"https:\\\/\\\/www.anamonro.si\\\/#website\"},\"primaryImageOfPage\":{\"@id\":\"https:\\\/\\\/www.anamonro.si\\\/en\\\/anadesetnica2020\\\/#primaryimage\"},\"image\":{\"@id\":\"https:\\\/\\\/www.anamonro.si\\\/en\\\/anadesetnica2020\\\/#primaryimage\"},\"thumbnailUrl\":\"https:\\\/\\\/www.anamonro.si\\\/wp-content\\\/uploads\\\/2018\\\/08\\\/ANA-DESETNICA-2020-LOGO.jpg\",\"datePublished\":\"2020-07-15T07:07:48+00:00\",\"dateModified\":\"2020-07-15T09:53:05+00:00\",\"description\":\"Gledali\u0161\u010de Ane Monro je osrednja uli\u010dno-gledali\u0161ka organizacija v Sloveniji, ki umetnikom nudi rast, krepitev in ne nazadnje tudi zaslu\u017eek.\",\"inLanguage\":\"en-US\",\"potentialAction\":[{\"@type\":\"ReadAction\",\"target\":[\"https:\\\/\\\/www.anamonro.si\\\/en\\\/anadesetnica2020\\\/\"]}]},{\"@type\":\"ImageObject\",\"inLanguage\":\"en-US\",\"@id\":\"https:\\\/\\\/www.anamonro.si\\\/en\\\/anadesetnica2020\\\/#primaryimage\",\"url\":\"https:\\\/\\\/www.anamonro.si\\\/wp-content\\\/uploads\\\/2018\\\/08\\\/ANA-DESETNICA-2020-LOGO.jpg\",\"contentUrl\":\"https:\\\/\\\/www.anamonro.si\\\/wp-content\\\/uploads\\\/2018\\\/08\\\/ANA-DESETNICA-2020-LOGO.jpg\",\"width\":851,\"height\":567},{\"@type\":\"WebSite\",\"@id\":\"https:\\\/\\\/www.anamonro.si\\\/#website\",\"url\":\"https:\\\/\\\/www.anamonro.si\\\/\",\"name\":\"Ana Monro\",\"description\":\"Uli\u010dno gledali\u0161\u010de\",\"potentialAction\":[{\"@type\":\"SearchAction\",\"target\":{\"@type\":\"EntryPoint\",\"urlTemplate\":\"https:\\\/\\\/www.anamonro.si\\\/?s={search_term_string}\"},\"query-input\":{\"@type\":\"PropertyValueSpecification\",\"valueRequired\":true,\"valueName\":\"search_term_string\"}}],\"inLanguage\":\"en-US\"}]}<\/script>\n<!-- \/ Yoast SEO plugin. -->","yoast_head_json":{"title":"- Ana Monro","description":"Gledali\u0161\u010de Ane Monro je osrednja uli\u010dno-gledali\u0161ka organizacija v Sloveniji, ki umetnikom nudi rast, krepitev in ne nazadnje tudi zaslu\u017eek.","robots":{"index":"index","follow":"follow","max-snippet":"max-snippet:-1","max-image-preview":"max-image-preview:large","max-video-preview":"max-video-preview:-1"},"canonical":"https:\/\/www.anamonro.si\/en\/anadesetnica2020\/","og_locale":"en_US","og_type":"article","og_title":"- Ana Monro","og_description":"Gledali\u0161\u010de Ane Monro je osrednja uli\u010dno-gledali\u0161ka organizacija v Sloveniji, ki umetnikom nudi rast, krepitev in ne nazadnje tudi zaslu\u017eek.","og_url":"https:\/\/www.anamonro.si\/en\/anadesetnica2020\/","og_site_name":"Ana Monro","article_modified_time":"2020-07-15T09:53:05+00:00","og_image":[{"width":851,"height":567,"url":"https:\/\/www.anamonro.si\/wp-content\/uploads\/2018\/08\/ANA-DESETNICA-2020-LOGO.jpg","type":"image\/jpeg"}],"twitter_card":"summary_large_image","twitter_misc":{"Est. reading time":"1 minute"},"schema":{"@context":"https:\/\/schema.org","@graph":[{"@type":"WebPage","@id":"https:\/\/www.anamonro.si\/en\/anadesetnica2020\/","url":"https:\/\/www.anamonro.si\/en\/anadesetnica2020\/","name":"- Ana Monro","isPartOf":{"@id":"https:\/\/www.anamonro.si\/#website"},"primaryImageOfPage":{"@id":"https:\/\/www.anamonro.si\/en\/anadesetnica2020\/#primaryimage"},"image":{"@id":"https:\/\/www.anamonro.si\/en\/anadesetnica2020\/#primaryimage"},"thumbnailUrl":"https:\/\/www.anamonro.si\/wp-content\/uploads\/2018\/08\/ANA-DESETNICA-2020-LOGO.jpg","datePublished":"2020-07-15T07:07:48+00:00","dateModified":"2020-07-15T09:53:05+00:00","description":"Gledali\u0161\u010de Ane Monro je osrednja uli\u010dno-gledali\u0161ka organizacija v Sloveniji, ki umetnikom nudi rast, krepitev in ne nazadnje tudi zaslu\u017eek.","inLanguage":"en-US","potentialAction":[{"@type":"ReadAction","target":["https:\/\/www.anamonro.si\/en\/anadesetnica2020\/"]}]},{"@type":"ImageObject","inLanguage":"en-US","@id":"https:\/\/www.anamonro.si\/en\/anadesetnica2020\/#primaryimage","url":"https:\/\/www.anamonro.si\/wp-content\/uploads\/2018\/08\/ANA-DESETNICA-2020-LOGO.jpg","contentUrl":"https:\/\/www.anamonro.si\/wp-content\/uploads\/2018\/08\/ANA-DESETNICA-2020-LOGO.jpg","width":851,"height":567},{"@type":"WebSite","@id":"https:\/\/www.anamonro.si\/#website","url":"https:\/\/www.anamonro.si\/","name":"Ana Monro","description":"Uli\u010dno gledali\u0161\u010de","potentialAction":[{"@type":"SearchAction","target":{"@type":"EntryPoint","urlTemplate":"https:\/\/www.anamonro.si\/?s={search_term_string}"},"query-input":{"@type":"PropertyValueSpecification","valueRequired":true,"valueName":"search_term_string"}}],"inLanguage":"en-US"}]}},"_links":{"self":[{"href":"https:\/\/www.anamonro.si\/en\/wp-json\/wp\/v2\/pages\/9410","targetHints":{"allow":["GET"]}}],"collection":[{"href":"https:\/\/www.anamonro.si\/en\/wp-json\/wp\/v2\/pages"}],"about":[{"href":"https:\/\/www.anamonro.si\/en\/wp-json\/wp\/v2\/types\/page"}],"author":[{"embeddable":true,"href":"https:\/\/www.anamonro.si\/en\/wp-json\/wp\/v2\/users\/2"}],"replies":[{"embeddable":true,"href":"https:\/\/www.anamonro.si\/en\/wp-json\/wp\/v2\/comments?post=9410"}],"version-history":[{"count":6,"href":"https:\/\/www.anamonro.si\/en\/wp-json\/wp\/v2\/pages\/9410\/revisions"}],"predecessor-version":[{"id":9449,"href":"https:\/\/www.anamonro.si\/en\/wp-json\/wp\/v2\/pages\/9410\/revisions\/9449"}],"wp:featuredmedia":[{"embeddable":true,"href":"https:\/\/www.anamonro.si\/en\/wp-json\/wp\/v2\/media\/8892"}],"wp:attachment":[{"href":"https:\/\/www.anamonro.si\/en\/wp-json\/wp\/v2\/media?parent=9410"}],"curies":[{"name":"wp","href":"https:\/\/api.w.org\/{rel}","templated":true}]}}