{"id":8373,"date":"2020-05-06T11:07:15","date_gmt":"2020-05-06T09:07:15","guid":{"rendered":"https:\/\/www.anamonro.si\/?page_id=8373"},"modified":"2022-03-07T14:45:07","modified_gmt":"2022-03-07T13:45:07","slug":"ana-under-your-window","status":"publish","type":"page","link":"https:\/\/www.anamonro.si\/en\/creation\/ana-under-your-window\/","title":{"rendered":"ANA UNDER YOUR WINDOW!"},"content":{"rendered":"<p>When, in the spring of 2020, due to the epidemic of the COVID-19 virus, the world stopped, so to speak, in an instant, and we were unexpectedly and suddenly cut off from the audience, we began to look for a way to stay in live contact with people and to enable them to have direct contact with the theater \u2013 despite the restrictions and limitations of public life.<\/p>\n<p>We have started an initiative <strong><em>Ana under your window<\/em><\/strong>, that aimed to support artists and the community in times of crisis and offered a new safe format of events: culture was brought to the community, to the courtyards of apartment buildings, where residents became spectators through their windows and on balconies. We were also visiting nursing homes and hospitals.<\/p>\n<p>The project not only made culture accessible during quarantine &#8211; and long term, as is seems the restrictions might remain for some time &#8211;\u00a0but also fostered a sense of unity and community. And what&#8217;s the most important, we draw smiles on people&#8217;s faces!<\/p>\n<p><strong>From 16 April to 1 July 2020<\/strong>, we carried out <strong>24 artistic interventions<\/strong> in Ljubljana, the Gori\u0161ka region and the Vipava region, and wherever we went, people welcomed us with enthusiasm.<\/p>\n<p>Based on this experience, <strong>in 2021<\/strong> we started to develop a more extensive project of the neighborhood theater <strong><em>Art Yard<\/em><\/strong>, which is specific in that it brings cultural and artistic content to people literally on the doorstep.<\/p>\n<pre><\/pre>\n<p><span style=\"text-decoration: underline;\"><em>The project was carried out under the honorary patronage of the Slovenian President.<\/em><\/span><\/p>\n","protected":false},"excerpt":{"rendered":"<p>When, in the spring of 2020, due to the epidemic of the COVID-19 virus, the world stopped, so to speak, in an instant, and we were unexpectedly and suddenly cut off from the audience, we began to look for a way to stay in live contact with people and to enable them to have direct &#8230; <\/p>\n","protected":false},"author":2,"featured_media":8325,"parent":5906,"menu_order":0,"comment_status":"closed","ping_status":"closed","template":"","meta":{"_acf_changed":false,"footnotes":""},"class_list":["post-8373","page","type-page","status-publish","has-post-thumbnail","hentry"],"acf":[],"yoast_head":"<!-- This site is optimized with the Yoast SEO plugin v27.4 - https:\/\/yoast.com\/product\/yoast-seo-wordpress\/ -->\n<title>ANA UNDER YOUR WINDOW! - Ana Monro<\/title>\n<meta name=\"description\" content=\"Gledali\u0161\u010de Ane Monro je osrednja uli\u010dno-gledali\u0161ka organizacija v Sloveniji, ki umetnikom nudi rast, krepitev in ne nazadnje tudi zaslu\u017eek.\" \/>\n<meta name=\"robots\" content=\"index, follow, max-snippet:-1, max-image-preview:large, max-video-preview:-1\" \/>\n<link rel=\"canonical\" href=\"https:\/\/www.anamonro.si\/en\/creation\/ana-under-your-window\/\" \/>\n<meta property=\"og:locale\" content=\"en_US\" \/>\n<meta property=\"og:type\" content=\"article\" \/>\n<meta property=\"og:title\" content=\"ANA UNDER YOUR WINDOW! - Ana Monro\" \/>\n<meta property=\"og:description\" content=\"Gledali\u0161\u010de Ane Monro je osrednja uli\u010dno-gledali\u0161ka organizacija v Sloveniji, ki umetnikom nudi rast, krepitev in ne nazadnje tudi zaslu\u017eek.\" \/>\n<meta property=\"og:url\" content=\"https:\/\/www.anamonro.si\/en\/creation\/ana-under-your-window\/\" \/>\n<meta property=\"og:site_name\" content=\"Ana Monro\" \/>\n<meta property=\"article:modified_time\" content=\"2022-03-07T13:45:07+00:00\" \/>\n<meta property=\"og:image\" content=\"https:\/\/www.anamonro.si\/wp-content\/uploads\/2020\/04\/ANA-POD-OKNOM-official-1.jpg\" \/>\n\t<meta property=\"og:image:width\" content=\"1500\" \/>\n\t<meta property=\"og:image:height\" content=\"899\" \/>\n\t<meta property=\"og:image:type\" content=\"image\/jpeg\" \/>\n<meta name=\"twitter:card\" content=\"summary_large_image\" \/>\n<meta name=\"twitter:label1\" content=\"Est. reading time\" \/>\n\t<meta name=\"twitter:data1\" content=\"2 minutes\" \/>\n<script type=\"application\/ld+json\" class=\"yoast-schema-graph\">{\"@context\":\"https:\\\/\\\/schema.org\",\"@graph\":[{\"@type\":\"WebPage\",\"@id\":\"https:\\\/\\\/www.anamonro.si\\\/en\\\/creation\\\/ana-under-your-window\\\/\",\"url\":\"https:\\\/\\\/www.anamonro.si\\\/en\\\/creation\\\/ana-under-your-window\\\/\",\"name\":\"ANA UNDER YOUR WINDOW! - Ana Monro\",\"isPartOf\":{\"@id\":\"https:\\\/\\\/www.anamonro.si\\\/#website\"},\"primaryImageOfPage\":{\"@id\":\"https:\\\/\\\/www.anamonro.si\\\/en\\\/creation\\\/ana-under-your-window\\\/#primaryimage\"},\"image\":{\"@id\":\"https:\\\/\\\/www.anamonro.si\\\/en\\\/creation\\\/ana-under-your-window\\\/#primaryimage\"},\"thumbnailUrl\":\"https:\\\/\\\/www.anamonro.si\\\/wp-content\\\/uploads\\\/2020\\\/04\\\/ANA-POD-OKNOM-official-1.jpg\",\"datePublished\":\"2020-05-06T09:07:15+00:00\",\"dateModified\":\"2022-03-07T13:45:07+00:00\",\"description\":\"Gledali\u0161\u010de Ane Monro je osrednja uli\u010dno-gledali\u0161ka organizacija v Sloveniji, ki umetnikom nudi rast, krepitev in ne nazadnje tudi zaslu\u017eek.\",\"breadcrumb\":{\"@id\":\"https:\\\/\\\/www.anamonro.si\\\/en\\\/creation\\\/ana-under-your-window\\\/#breadcrumb\"},\"inLanguage\":\"en-US\",\"potentialAction\":[{\"@type\":\"ReadAction\",\"target\":[\"https:\\\/\\\/www.anamonro.si\\\/en\\\/creation\\\/ana-under-your-window\\\/\"]}]},{\"@type\":\"ImageObject\",\"inLanguage\":\"en-US\",\"@id\":\"https:\\\/\\\/www.anamonro.si\\\/en\\\/creation\\\/ana-under-your-window\\\/#primaryimage\",\"url\":\"https:\\\/\\\/www.anamonro.si\\\/wp-content\\\/uploads\\\/2020\\\/04\\\/ANA-POD-OKNOM-official-1.jpg\",\"contentUrl\":\"https:\\\/\\\/www.anamonro.si\\\/wp-content\\\/uploads\\\/2020\\\/04\\\/ANA-POD-OKNOM-official-1.jpg\",\"width\":1500,\"height\":899,\"caption\":\"Ana Pod Oknom Official\"},{\"@type\":\"BreadcrumbList\",\"@id\":\"https:\\\/\\\/www.anamonro.si\\\/en\\\/creation\\\/ana-under-your-window\\\/#breadcrumb\",\"itemListElement\":[{\"@type\":\"ListItem\",\"position\":1,\"name\":\"Home\",\"item\":\"https:\\\/\\\/www.anamonro.si\\\/en\\\/\"},{\"@type\":\"ListItem\",\"position\":2,\"name\":\"Creation\",\"item\":\"https:\\\/\\\/www.anamonro.si\\\/en\\\/creation\\\/\"},{\"@type\":\"ListItem\",\"position\":3,\"name\":\"ANA UNDER YOUR WINDOW!\"}]},{\"@type\":\"WebSite\",\"@id\":\"https:\\\/\\\/www.anamonro.si\\\/#website\",\"url\":\"https:\\\/\\\/www.anamonro.si\\\/\",\"name\":\"Ana Monro\",\"description\":\"Uli\u010dno gledali\u0161\u010de\",\"potentialAction\":[{\"@type\":\"SearchAction\",\"target\":{\"@type\":\"EntryPoint\",\"urlTemplate\":\"https:\\\/\\\/www.anamonro.si\\\/?s={search_term_string}\"},\"query-input\":{\"@type\":\"PropertyValueSpecification\",\"valueRequired\":true,\"valueName\":\"search_term_string\"}}],\"inLanguage\":\"en-US\"}]}<\/script>\n<!-- \/ Yoast SEO plugin. -->","yoast_head_json":{"title":"ANA UNDER YOUR WINDOW! - Ana Monro","description":"Gledali\u0161\u010de Ane Monro je osrednja uli\u010dno-gledali\u0161ka organizacija v Sloveniji, ki umetnikom nudi rast, krepitev in ne nazadnje tudi zaslu\u017eek.","robots":{"index":"index","follow":"follow","max-snippet":"max-snippet:-1","max-image-preview":"max-image-preview:large","max-video-preview":"max-video-preview:-1"},"canonical":"https:\/\/www.anamonro.si\/en\/creation\/ana-under-your-window\/","og_locale":"en_US","og_type":"article","og_title":"ANA UNDER YOUR WINDOW! - Ana Monro","og_description":"Gledali\u0161\u010de Ane Monro je osrednja uli\u010dno-gledali\u0161ka organizacija v Sloveniji, ki umetnikom nudi rast, krepitev in ne nazadnje tudi zaslu\u017eek.","og_url":"https:\/\/www.anamonro.si\/en\/creation\/ana-under-your-window\/","og_site_name":"Ana Monro","article_modified_time":"2022-03-07T13:45:07+00:00","og_image":[{"width":1500,"height":899,"url":"https:\/\/www.anamonro.si\/wp-content\/uploads\/2020\/04\/ANA-POD-OKNOM-official-1.jpg","type":"image\/jpeg"}],"twitter_card":"summary_large_image","twitter_misc":{"Est. reading time":"2 minutes"},"schema":{"@context":"https:\/\/schema.org","@graph":[{"@type":"WebPage","@id":"https:\/\/www.anamonro.si\/en\/creation\/ana-under-your-window\/","url":"https:\/\/www.anamonro.si\/en\/creation\/ana-under-your-window\/","name":"ANA UNDER YOUR WINDOW! - Ana Monro","isPartOf":{"@id":"https:\/\/www.anamonro.si\/#website"},"primaryImageOfPage":{"@id":"https:\/\/www.anamonro.si\/en\/creation\/ana-under-your-window\/#primaryimage"},"image":{"@id":"https:\/\/www.anamonro.si\/en\/creation\/ana-under-your-window\/#primaryimage"},"thumbnailUrl":"https:\/\/www.anamonro.si\/wp-content\/uploads\/2020\/04\/ANA-POD-OKNOM-official-1.jpg","datePublished":"2020-05-06T09:07:15+00:00","dateModified":"2022-03-07T13:45:07+00:00","description":"Gledali\u0161\u010de Ane Monro je osrednja uli\u010dno-gledali\u0161ka organizacija v Sloveniji, ki umetnikom nudi rast, krepitev in ne nazadnje tudi zaslu\u017eek.","breadcrumb":{"@id":"https:\/\/www.anamonro.si\/en\/creation\/ana-under-your-window\/#breadcrumb"},"inLanguage":"en-US","potentialAction":[{"@type":"ReadAction","target":["https:\/\/www.anamonro.si\/en\/creation\/ana-under-your-window\/"]}]},{"@type":"ImageObject","inLanguage":"en-US","@id":"https:\/\/www.anamonro.si\/en\/creation\/ana-under-your-window\/#primaryimage","url":"https:\/\/www.anamonro.si\/wp-content\/uploads\/2020\/04\/ANA-POD-OKNOM-official-1.jpg","contentUrl":"https:\/\/www.anamonro.si\/wp-content\/uploads\/2020\/04\/ANA-POD-OKNOM-official-1.jpg","width":1500,"height":899,"caption":"Ana Pod Oknom Official"},{"@type":"BreadcrumbList","@id":"https:\/\/www.anamonro.si\/en\/creation\/ana-under-your-window\/#breadcrumb","itemListElement":[{"@type":"ListItem","position":1,"name":"Home","item":"https:\/\/www.anamonro.si\/en\/"},{"@type":"ListItem","position":2,"name":"Creation","item":"https:\/\/www.anamonro.si\/en\/creation\/"},{"@type":"ListItem","position":3,"name":"ANA UNDER YOUR WINDOW!"}]},{"@type":"WebSite","@id":"https:\/\/www.anamonro.si\/#website","url":"https:\/\/www.anamonro.si\/","name":"Ana Monro","description":"Uli\u010dno gledali\u0161\u010de","potentialAction":[{"@type":"SearchAction","target":{"@type":"EntryPoint","urlTemplate":"https:\/\/www.anamonro.si\/?s={search_term_string}"},"query-input":{"@type":"PropertyValueSpecification","valueRequired":true,"valueName":"search_term_string"}}],"inLanguage":"en-US"}]}},"_links":{"self":[{"href":"https:\/\/www.anamonro.si\/en\/wp-json\/wp\/v2\/pages\/8373","targetHints":{"allow":["GET"]}}],"collection":[{"href":"https:\/\/www.anamonro.si\/en\/wp-json\/wp\/v2\/pages"}],"about":[{"href":"https:\/\/www.anamonro.si\/en\/wp-json\/wp\/v2\/types\/page"}],"author":[{"embeddable":true,"href":"https:\/\/www.anamonro.si\/en\/wp-json\/wp\/v2\/users\/2"}],"replies":[{"embeddable":true,"href":"https:\/\/www.anamonro.si\/en\/wp-json\/wp\/v2\/comments?post=8373"}],"version-history":[{"count":5,"href":"https:\/\/www.anamonro.si\/en\/wp-json\/wp\/v2\/pages\/8373\/revisions"}],"predecessor-version":[{"id":14646,"href":"https:\/\/www.anamonro.si\/en\/wp-json\/wp\/v2\/pages\/8373\/revisions\/14646"}],"up":[{"embeddable":true,"href":"https:\/\/www.anamonro.si\/en\/wp-json\/wp\/v2\/pages\/5906"}],"wp:featuredmedia":[{"embeddable":true,"href":"https:\/\/www.anamonro.si\/en\/wp-json\/wp\/v2\/media\/8325"}],"wp:attachment":[{"href":"https:\/\/www.anamonro.si\/en\/wp-json\/wp\/v2\/media?parent=8373"}],"curies":[{"name":"wp","href":"https:\/\/api.w.org\/{rel}","templated":true}]}}