{"id":7525,"date":"2019-12-18T18:26:38","date_gmt":"2019-12-18T17:26:38","guid":{"rendered":"https:\/\/www.anamonro.si\/?page_id=7525"},"modified":"2019-12-18T20:17:24","modified_gmt":"2019-12-18T19:17:24","slug":"ana-mraz-2019","status":"publish","type":"page","link":"https:\/\/www.anamonro.si\/en\/festivals\/ana-mraz-2019\/","title":{"rendered":""},"content":{"rendered":"<p>More than <strong>40 artists <\/strong>from<strong> Slovenia, Croatia, Italy <\/strong>and<strong> Nederland<\/strong> will warm you up during the <strong>jubilee 20th winter international street theatre festival <em>ANA MRAZ 2019<\/em><\/strong>. Don&#8217;t miss their atractive dance, singing, fire, circus and street theater performances in Ljubljana, Maribor and Radovljica.<\/p>\n<p><span style=\"text-decoration: underline;\">ONLY IN LJUBLJANA<\/span>: While waiting for the begining of the programme and in between shows, you can explore the venue with the best tourist guides (<a href=\"https:\/\/www.anamonro.si\/en\/artist\/gledalisce-ane-monro-slo\/\"><span style=\"text-decoration: underline;\"><strong>Gledali\u0161\u010de Ane Monro: VISIT \u0160PICA<\/strong><\/span><\/a>) or visit miniature puppet theatre <strong>(<a href=\"https:\/\/www.anamonro.si\/en\/artist\/miss-bazilika-theatre-slo\/\"><span style=\"text-decoration: underline;\">Miss Bazil Theatre: SPIN THE TIGER<\/span><\/a>).<\/strong><\/p>\n<p>You are also very welcome to join us on the <strong>26 th of December at 4:00 pm infront of <em>Ljubljana Town Hall <\/em><\/strong>for a small celebration before the start of the jubilee festival. And you should also see photography exhibition\u00a0<span style=\"text-decoration: underline;\"><a href=\"https:\/\/www.anamonro.si\/en\/the-exhibition-ana-mraz-is-in-town\/\"><em><strong>Ana Mraz is in\u00a0Town!<\/strong><\/em><\/a><\/span><\/p>\n<p>See you in the streets!<\/p>\n","protected":false},"excerpt":{"rendered":"<p>More than 40 artists from Slovenia, Croatia, Italy and Nederland will warm you up during the jubilee 20th winter international street theatre festival ANA MRAZ 2019. Don&#8217;t miss their atractive dance, singing, fire, circus and street theater performances in Ljubljana, Maribor and Radovljica. ONLY IN LJUBLJANA: While waiting for the begining of the programme and &#8230; <\/p>\n","protected":false},"author":2,"featured_media":7398,"parent":5901,"menu_order":1,"comment_status":"closed","ping_status":"closed","template":"template-program.php","meta":{"_acf_changed":false,"footnotes":""},"class_list":["post-7525","page","type-page","status-publish","has-post-thumbnail","hentry"],"acf":[],"yoast_head":"<!-- This site is optimized with the Yoast SEO plugin v27.4 - https:\/\/yoast.com\/product\/yoast-seo-wordpress\/ -->\n<title>- Ana Monro<\/title>\n<meta name=\"description\" content=\"Gledali\u0161\u010de Ane Monro je osrednja uli\u010dno-gledali\u0161ka organizacija v Sloveniji, ki umetnikom nudi rast, krepitev in ne nazadnje tudi zaslu\u017eek.\" \/>\n<meta name=\"robots\" content=\"index, follow, max-snippet:-1, max-image-preview:large, max-video-preview:-1\" \/>\n<link rel=\"canonical\" href=\"https:\/\/www.anamonro.si\/en\/festivals\/ana-mraz-2019\/\" \/>\n<meta property=\"og:locale\" content=\"en_US\" \/>\n<meta property=\"og:type\" content=\"article\" \/>\n<meta property=\"og:title\" content=\"- Ana Monro\" \/>\n<meta property=\"og:description\" content=\"Gledali\u0161\u010de Ane Monro je osrednja uli\u010dno-gledali\u0161ka organizacija v Sloveniji, ki umetnikom nudi rast, krepitev in ne nazadnje tudi zaslu\u017eek.\" \/>\n<meta property=\"og:url\" content=\"https:\/\/www.anamonro.si\/en\/festivals\/ana-mraz-2019\/\" \/>\n<meta property=\"og:site_name\" content=\"Ana Monro\" \/>\n<meta property=\"article:modified_time\" content=\"2019-12-18T19:17:24+00:00\" \/>\n<meta property=\"og:image\" content=\"https:\/\/www.anamonro.si\/wp-content\/uploads\/2019\/12\/AM-2019-FB.jpg\" \/>\n\t<meta property=\"og:image:width\" content=\"1920\" \/>\n\t<meta property=\"og:image:height\" content=\"729\" \/>\n\t<meta property=\"og:image:type\" content=\"image\/jpeg\" \/>\n<meta name=\"twitter:card\" content=\"summary_large_image\" \/>\n<meta name=\"twitter:label1\" content=\"Est. reading time\" \/>\n\t<meta name=\"twitter:data1\" content=\"1 minute\" \/>\n<script type=\"application\/ld+json\" class=\"yoast-schema-graph\">{\"@context\":\"https:\\\/\\\/schema.org\",\"@graph\":[{\"@type\":\"WebPage\",\"@id\":\"https:\\\/\\\/www.anamonro.si\\\/en\\\/festivals\\\/ana-mraz-2019\\\/\",\"url\":\"https:\\\/\\\/www.anamonro.si\\\/en\\\/festivals\\\/ana-mraz-2019\\\/\",\"name\":\"- Ana Monro\",\"isPartOf\":{\"@id\":\"https:\\\/\\\/www.anamonro.si\\\/#website\"},\"primaryImageOfPage\":{\"@id\":\"https:\\\/\\\/www.anamonro.si\\\/en\\\/festivals\\\/ana-mraz-2019\\\/#primaryimage\"},\"image\":{\"@id\":\"https:\\\/\\\/www.anamonro.si\\\/en\\\/festivals\\\/ana-mraz-2019\\\/#primaryimage\"},\"thumbnailUrl\":\"https:\\\/\\\/www.anamonro.si\\\/wp-content\\\/uploads\\\/2019\\\/12\\\/AM-2019-FB.jpg\",\"datePublished\":\"2019-12-18T17:26:38+00:00\",\"dateModified\":\"2019-12-18T19:17:24+00:00\",\"description\":\"Gledali\u0161\u010de Ane Monro je osrednja uli\u010dno-gledali\u0161ka organizacija v Sloveniji, ki umetnikom nudi rast, krepitev in ne nazadnje tudi zaslu\u017eek.\",\"breadcrumb\":{\"@id\":\"https:\\\/\\\/www.anamonro.si\\\/en\\\/festivals\\\/ana-mraz-2019\\\/#breadcrumb\"},\"inLanguage\":\"en-US\",\"potentialAction\":[{\"@type\":\"ReadAction\",\"target\":[\"https:\\\/\\\/www.anamonro.si\\\/en\\\/festivals\\\/ana-mraz-2019\\\/\"]}]},{\"@type\":\"ImageObject\",\"inLanguage\":\"en-US\",\"@id\":\"https:\\\/\\\/www.anamonro.si\\\/en\\\/festivals\\\/ana-mraz-2019\\\/#primaryimage\",\"url\":\"https:\\\/\\\/www.anamonro.si\\\/wp-content\\\/uploads\\\/2019\\\/12\\\/AM-2019-FB.jpg\",\"contentUrl\":\"https:\\\/\\\/www.anamonro.si\\\/wp-content\\\/uploads\\\/2019\\\/12\\\/AM-2019-FB.jpg\",\"width\":1920,\"height\":729,\"caption\":\"Am 2019 Fb\"},{\"@type\":\"BreadcrumbList\",\"@id\":\"https:\\\/\\\/www.anamonro.si\\\/en\\\/festivals\\\/ana-mraz-2019\\\/#breadcrumb\",\"itemListElement\":[{\"@type\":\"ListItem\",\"position\":1,\"name\":\"Home\",\"item\":\"https:\\\/\\\/www.anamonro.si\\\/en\\\/\"},{\"@type\":\"ListItem\",\"position\":2,\"name\":\"Festivals\",\"item\":\"https:\\\/\\\/www.anamonro.si\\\/en\\\/festivals\\\/\"}]},{\"@type\":\"WebSite\",\"@id\":\"https:\\\/\\\/www.anamonro.si\\\/#website\",\"url\":\"https:\\\/\\\/www.anamonro.si\\\/\",\"name\":\"Ana Monro\",\"description\":\"Uli\u010dno gledali\u0161\u010de\",\"potentialAction\":[{\"@type\":\"SearchAction\",\"target\":{\"@type\":\"EntryPoint\",\"urlTemplate\":\"https:\\\/\\\/www.anamonro.si\\\/?s={search_term_string}\"},\"query-input\":{\"@type\":\"PropertyValueSpecification\",\"valueRequired\":true,\"valueName\":\"search_term_string\"}}],\"inLanguage\":\"en-US\"}]}<\/script>\n<!-- \/ Yoast SEO plugin. -->","yoast_head_json":{"title":"- Ana Monro","description":"Gledali\u0161\u010de Ane Monro je osrednja uli\u010dno-gledali\u0161ka organizacija v Sloveniji, ki umetnikom nudi rast, krepitev in ne nazadnje tudi zaslu\u017eek.","robots":{"index":"index","follow":"follow","max-snippet":"max-snippet:-1","max-image-preview":"max-image-preview:large","max-video-preview":"max-video-preview:-1"},"canonical":"https:\/\/www.anamonro.si\/en\/festivals\/ana-mraz-2019\/","og_locale":"en_US","og_type":"article","og_title":"- Ana Monro","og_description":"Gledali\u0161\u010de Ane Monro je osrednja uli\u010dno-gledali\u0161ka organizacija v Sloveniji, ki umetnikom nudi rast, krepitev in ne nazadnje tudi zaslu\u017eek.","og_url":"https:\/\/www.anamonro.si\/en\/festivals\/ana-mraz-2019\/","og_site_name":"Ana Monro","article_modified_time":"2019-12-18T19:17:24+00:00","og_image":[{"width":1920,"height":729,"url":"https:\/\/www.anamonro.si\/wp-content\/uploads\/2019\/12\/AM-2019-FB.jpg","type":"image\/jpeg"}],"twitter_card":"summary_large_image","twitter_misc":{"Est. reading time":"1 minute"},"schema":{"@context":"https:\/\/schema.org","@graph":[{"@type":"WebPage","@id":"https:\/\/www.anamonro.si\/en\/festivals\/ana-mraz-2019\/","url":"https:\/\/www.anamonro.si\/en\/festivals\/ana-mraz-2019\/","name":"- Ana Monro","isPartOf":{"@id":"https:\/\/www.anamonro.si\/#website"},"primaryImageOfPage":{"@id":"https:\/\/www.anamonro.si\/en\/festivals\/ana-mraz-2019\/#primaryimage"},"image":{"@id":"https:\/\/www.anamonro.si\/en\/festivals\/ana-mraz-2019\/#primaryimage"},"thumbnailUrl":"https:\/\/www.anamonro.si\/wp-content\/uploads\/2019\/12\/AM-2019-FB.jpg","datePublished":"2019-12-18T17:26:38+00:00","dateModified":"2019-12-18T19:17:24+00:00","description":"Gledali\u0161\u010de Ane Monro je osrednja uli\u010dno-gledali\u0161ka organizacija v Sloveniji, ki umetnikom nudi rast, krepitev in ne nazadnje tudi zaslu\u017eek.","breadcrumb":{"@id":"https:\/\/www.anamonro.si\/en\/festivals\/ana-mraz-2019\/#breadcrumb"},"inLanguage":"en-US","potentialAction":[{"@type":"ReadAction","target":["https:\/\/www.anamonro.si\/en\/festivals\/ana-mraz-2019\/"]}]},{"@type":"ImageObject","inLanguage":"en-US","@id":"https:\/\/www.anamonro.si\/en\/festivals\/ana-mraz-2019\/#primaryimage","url":"https:\/\/www.anamonro.si\/wp-content\/uploads\/2019\/12\/AM-2019-FB.jpg","contentUrl":"https:\/\/www.anamonro.si\/wp-content\/uploads\/2019\/12\/AM-2019-FB.jpg","width":1920,"height":729,"caption":"Am 2019 Fb"},{"@type":"BreadcrumbList","@id":"https:\/\/www.anamonro.si\/en\/festivals\/ana-mraz-2019\/#breadcrumb","itemListElement":[{"@type":"ListItem","position":1,"name":"Home","item":"https:\/\/www.anamonro.si\/en\/"},{"@type":"ListItem","position":2,"name":"Festivals","item":"https:\/\/www.anamonro.si\/en\/festivals\/"}]},{"@type":"WebSite","@id":"https:\/\/www.anamonro.si\/#website","url":"https:\/\/www.anamonro.si\/","name":"Ana Monro","description":"Uli\u010dno gledali\u0161\u010de","potentialAction":[{"@type":"SearchAction","target":{"@type":"EntryPoint","urlTemplate":"https:\/\/www.anamonro.si\/?s={search_term_string}"},"query-input":{"@type":"PropertyValueSpecification","valueRequired":true,"valueName":"search_term_string"}}],"inLanguage":"en-US"}]}},"_links":{"self":[{"href":"https:\/\/www.anamonro.si\/en\/wp-json\/wp\/v2\/pages\/7525","targetHints":{"allow":["GET"]}}],"collection":[{"href":"https:\/\/www.anamonro.si\/en\/wp-json\/wp\/v2\/pages"}],"about":[{"href":"https:\/\/www.anamonro.si\/en\/wp-json\/wp\/v2\/types\/page"}],"author":[{"embeddable":true,"href":"https:\/\/www.anamonro.si\/en\/wp-json\/wp\/v2\/users\/2"}],"replies":[{"embeddable":true,"href":"https:\/\/www.anamonro.si\/en\/wp-json\/wp\/v2\/comments?post=7525"}],"version-history":[{"count":5,"href":"https:\/\/www.anamonro.si\/en\/wp-json\/wp\/v2\/pages\/7525\/revisions"}],"predecessor-version":[{"id":7631,"href":"https:\/\/www.anamonro.si\/en\/wp-json\/wp\/v2\/pages\/7525\/revisions\/7631"}],"up":[{"embeddable":true,"href":"https:\/\/www.anamonro.si\/en\/wp-json\/wp\/v2\/pages\/5901"}],"wp:featuredmedia":[{"embeddable":true,"href":"https:\/\/www.anamonro.si\/en\/wp-json\/wp\/v2\/media\/7398"}],"wp:attachment":[{"href":"https:\/\/www.anamonro.si\/en\/wp-json\/wp\/v2\/media?parent=7525"}],"curies":[{"name":"wp","href":"https:\/\/api.w.org\/{rel}","templated":true}]}}