{"id":6143,"date":"2018-05-22T14:42:43","date_gmt":"2018-05-22T13:42:43","guid":{"rendered":"https:\/\/www.anamonro.si\/pogovori-z-ulicnimi-umetniki\/"},"modified":"2019-07-02T14:14:05","modified_gmt":"2019-07-02T12:14:05","slug":"pogovori-z-ulicnimi-umetniki","status":"publish","type":"page","link":"https:\/\/www.anamonro.si\/en\/pogovori-z-ulicnimi-umetniki\/","title":{"rendered":"Talks with Artists"},"content":{"rendered":"<p>Although street theatre has no stage, it has its backstage, which we have been checking during <em>Ana Desetnica <\/em>festival\u00a0in Ljubljana, diving into shows with performers. Every conversation has a common thread, and the topic is mainly the various principles and\/or artistic challenges of street theatre, such as improvisation, contact and interaction with the audience, performing in different locations in the city, creating a special space in the city hustle and bustle.<\/p>\n<p>After few years, the Talks at <em>Ana Desetnica<\/em> have proven to be a precious space of articulation of artistic approaches and situations, encountered in the streets by performers, and a place of exchange of artistic strategies and street experiences.<\/p>\n<p>&nbsp;<\/p>\n<p><span style=\"text-decoration: underline;\"><strong>Hosted by theatre critic and dramaturge SAMO OLEAMI.<\/strong><\/span><\/p>\n","protected":false},"excerpt":{"rendered":"<p>Although street theatre has no stage, it has its backstage, which we have been checking during Ana Desetnica festival\u00a0in Ljubljana, diving into shows with performers. Every conversation has a common thread, and the topic is mainly the various principles and\/or artistic challenges of street theatre, such as improvisation, contact and interaction with the audience, performing &#8230; <\/p>\n","protected":false},"author":1,"featured_media":0,"parent":0,"menu_order":3,"comment_status":"closed","ping_status":"closed","template":"","meta":{"_acf_changed":false,"footnotes":""},"class_list":["post-6143","page","type-page","status-publish","hentry"],"acf":[],"yoast_head":"<!-- This site is optimized with the Yoast SEO plugin v27.4 - https:\/\/yoast.com\/product\/yoast-seo-wordpress\/ -->\n<title>Talks with Artists - Ana Monro<\/title>\n<meta name=\"description\" content=\"Gledali\u0161\u010de Ane Monro je osrednja uli\u010dno-gledali\u0161ka organizacija v Sloveniji, ki umetnikom nudi rast, krepitev in ne nazadnje tudi zaslu\u017eek.\" \/>\n<meta name=\"robots\" content=\"index, follow, max-snippet:-1, max-image-preview:large, max-video-preview:-1\" \/>\n<link rel=\"canonical\" href=\"https:\/\/www.anamonro.si\/en\/pogovori-z-ulicnimi-umetniki\/\" \/>\n<meta property=\"og:locale\" content=\"en_US\" \/>\n<meta property=\"og:type\" content=\"article\" \/>\n<meta property=\"og:title\" content=\"Talks with Artists - Ana Monro\" \/>\n<meta property=\"og:description\" content=\"Gledali\u0161\u010de Ane Monro je osrednja uli\u010dno-gledali\u0161ka organizacija v Sloveniji, ki umetnikom nudi rast, krepitev in ne nazadnje tudi zaslu\u017eek.\" \/>\n<meta property=\"og:url\" content=\"https:\/\/www.anamonro.si\/en\/pogovori-z-ulicnimi-umetniki\/\" \/>\n<meta property=\"og:site_name\" content=\"Ana Monro\" \/>\n<meta property=\"article:modified_time\" content=\"2019-07-02T12:14:05+00:00\" \/>\n<meta name=\"twitter:card\" content=\"summary_large_image\" \/>\n<meta name=\"twitter:label1\" content=\"Est. reading time\" \/>\n\t<meta name=\"twitter:data1\" content=\"1 minute\" \/>\n<script type=\"application\/ld+json\" class=\"yoast-schema-graph\">{\"@context\":\"https:\\\/\\\/schema.org\",\"@graph\":[{\"@type\":\"WebPage\",\"@id\":\"https:\\\/\\\/www.anamonro.si\\\/en\\\/pogovori-z-ulicnimi-umetniki\\\/\",\"url\":\"https:\\\/\\\/www.anamonro.si\\\/en\\\/pogovori-z-ulicnimi-umetniki\\\/\",\"name\":\"Talks with Artists - Ana Monro\",\"isPartOf\":{\"@id\":\"https:\\\/\\\/www.anamonro.si\\\/#website\"},\"datePublished\":\"2018-05-22T13:42:43+00:00\",\"dateModified\":\"2019-07-02T12:14:05+00:00\",\"description\":\"Gledali\u0161\u010de Ane Monro je osrednja uli\u010dno-gledali\u0161ka organizacija v Sloveniji, ki umetnikom nudi rast, krepitev in ne nazadnje tudi zaslu\u017eek.\",\"breadcrumb\":{\"@id\":\"https:\\\/\\\/www.anamonro.si\\\/en\\\/pogovori-z-ulicnimi-umetniki\\\/#breadcrumb\"},\"inLanguage\":\"en-US\",\"potentialAction\":[{\"@type\":\"ReadAction\",\"target\":[\"https:\\\/\\\/www.anamonro.si\\\/en\\\/pogovori-z-ulicnimi-umetniki\\\/\"]}]},{\"@type\":\"BreadcrumbList\",\"@id\":\"https:\\\/\\\/www.anamonro.si\\\/en\\\/pogovori-z-ulicnimi-umetniki\\\/#breadcrumb\",\"itemListElement\":[{\"@type\":\"ListItem\",\"position\":1,\"name\":\"Home\",\"item\":\"https:\\\/\\\/www.anamonro.si\\\/en\\\/\"},{\"@type\":\"ListItem\",\"position\":2,\"name\":\"Talks with Artists\"}]},{\"@type\":\"WebSite\",\"@id\":\"https:\\\/\\\/www.anamonro.si\\\/#website\",\"url\":\"https:\\\/\\\/www.anamonro.si\\\/\",\"name\":\"Ana Monro\",\"description\":\"Uli\u010dno gledali\u0161\u010de\",\"potentialAction\":[{\"@type\":\"SearchAction\",\"target\":{\"@type\":\"EntryPoint\",\"urlTemplate\":\"https:\\\/\\\/www.anamonro.si\\\/?s={search_term_string}\"},\"query-input\":{\"@type\":\"PropertyValueSpecification\",\"valueRequired\":true,\"valueName\":\"search_term_string\"}}],\"inLanguage\":\"en-US\"}]}<\/script>\n<!-- \/ Yoast SEO plugin. -->","yoast_head_json":{"title":"Talks with Artists - Ana Monro","description":"Gledali\u0161\u010de Ane Monro je osrednja uli\u010dno-gledali\u0161ka organizacija v Sloveniji, ki umetnikom nudi rast, krepitev in ne nazadnje tudi zaslu\u017eek.","robots":{"index":"index","follow":"follow","max-snippet":"max-snippet:-1","max-image-preview":"max-image-preview:large","max-video-preview":"max-video-preview:-1"},"canonical":"https:\/\/www.anamonro.si\/en\/pogovori-z-ulicnimi-umetniki\/","og_locale":"en_US","og_type":"article","og_title":"Talks with Artists - Ana Monro","og_description":"Gledali\u0161\u010de Ane Monro je osrednja uli\u010dno-gledali\u0161ka organizacija v Sloveniji, ki umetnikom nudi rast, krepitev in ne nazadnje tudi zaslu\u017eek.","og_url":"https:\/\/www.anamonro.si\/en\/pogovori-z-ulicnimi-umetniki\/","og_site_name":"Ana Monro","article_modified_time":"2019-07-02T12:14:05+00:00","twitter_card":"summary_large_image","twitter_misc":{"Est. reading time":"1 minute"},"schema":{"@context":"https:\/\/schema.org","@graph":[{"@type":"WebPage","@id":"https:\/\/www.anamonro.si\/en\/pogovori-z-ulicnimi-umetniki\/","url":"https:\/\/www.anamonro.si\/en\/pogovori-z-ulicnimi-umetniki\/","name":"Talks with Artists - Ana Monro","isPartOf":{"@id":"https:\/\/www.anamonro.si\/#website"},"datePublished":"2018-05-22T13:42:43+00:00","dateModified":"2019-07-02T12:14:05+00:00","description":"Gledali\u0161\u010de Ane Monro je osrednja uli\u010dno-gledali\u0161ka organizacija v Sloveniji, ki umetnikom nudi rast, krepitev in ne nazadnje tudi zaslu\u017eek.","breadcrumb":{"@id":"https:\/\/www.anamonro.si\/en\/pogovori-z-ulicnimi-umetniki\/#breadcrumb"},"inLanguage":"en-US","potentialAction":[{"@type":"ReadAction","target":["https:\/\/www.anamonro.si\/en\/pogovori-z-ulicnimi-umetniki\/"]}]},{"@type":"BreadcrumbList","@id":"https:\/\/www.anamonro.si\/en\/pogovori-z-ulicnimi-umetniki\/#breadcrumb","itemListElement":[{"@type":"ListItem","position":1,"name":"Home","item":"https:\/\/www.anamonro.si\/en\/"},{"@type":"ListItem","position":2,"name":"Talks with Artists"}]},{"@type":"WebSite","@id":"https:\/\/www.anamonro.si\/#website","url":"https:\/\/www.anamonro.si\/","name":"Ana Monro","description":"Uli\u010dno gledali\u0161\u010de","potentialAction":[{"@type":"SearchAction","target":{"@type":"EntryPoint","urlTemplate":"https:\/\/www.anamonro.si\/?s={search_term_string}"},"query-input":{"@type":"PropertyValueSpecification","valueRequired":true,"valueName":"search_term_string"}}],"inLanguage":"en-US"}]}},"_links":{"self":[{"href":"https:\/\/www.anamonro.si\/en\/wp-json\/wp\/v2\/pages\/6143","targetHints":{"allow":["GET"]}}],"collection":[{"href":"https:\/\/www.anamonro.si\/en\/wp-json\/wp\/v2\/pages"}],"about":[{"href":"https:\/\/www.anamonro.si\/en\/wp-json\/wp\/v2\/types\/page"}],"author":[{"embeddable":true,"href":"https:\/\/www.anamonro.si\/en\/wp-json\/wp\/v2\/users\/1"}],"replies":[{"embeddable":true,"href":"https:\/\/www.anamonro.si\/en\/wp-json\/wp\/v2\/comments?post=6143"}],"version-history":[{"count":2,"href":"https:\/\/www.anamonro.si\/en\/wp-json\/wp\/v2\/pages\/6143\/revisions"}],"predecessor-version":[{"id":6145,"href":"https:\/\/www.anamonro.si\/en\/wp-json\/wp\/v2\/pages\/6143\/revisions\/6145"}],"wp:attachment":[{"href":"https:\/\/www.anamonro.si\/en\/wp-json\/wp\/v2\/media?parent=6143"}],"curies":[{"name":"wp","href":"https:\/\/api.w.org\/{rel}","templated":true}]}}