{"id":6063,"date":"2019-07-02T09:29:37","date_gmt":"2019-07-02T07:29:37","guid":{"rendered":"https:\/\/www.anamonro.si\/?page_id=6063"},"modified":"2019-07-02T09:29:37","modified_gmt":"2019-07-02T07:29:37","slug":"living-room","status":"publish","type":"page","link":"https:\/\/www.anamonro.si\/en\/living-room\/","title":{"rendered":"Living Room"},"content":{"rendered":"<p>Always on the lookout for new, innovative ways to get closer to the locals and visitor of Ljubljana, we decided in 2017 to bring chairs, tables, sofas, and other pieces of furniture to the street in order to (re)create the pleasant homely atmosphere of a living room. The main goal of this concept is to invite festival-goers to take some time to relax and mingle while watching the artistic programme; to take a sit between performances, have a little chat, and even have a bite or a drink. Our attempt at making the public space homely turned out to be a success. The city adapted to people, and not the other way around!<\/p>\n<p>Further developing this concept, we managed to import it to other Slovenian towns (Novo mesto, Nova Gorica).<\/p>\n<p>The<em> Living Room<\/em> project is supported by the recycling centre <em>Snaga<\/em> from Ljubljana and the public utility centre from Vrhnika.<\/p>\n","protected":false},"excerpt":{"rendered":"<p>Always on the lookout for new, innovative ways to get closer to the locals and visitor of Ljubljana, we decided in 2017 to bring chairs, tables, sofas, and other pieces of furniture to the street in order to (re)create the pleasant homely atmosphere of a living room. The main goal of this concept is to &#8230; <\/p>\n","protected":false},"author":2,"featured_media":0,"parent":0,"menu_order":0,"comment_status":"closed","ping_status":"closed","template":"","meta":{"_acf_changed":false,"footnotes":""},"class_list":["post-6063","page","type-page","status-publish","hentry"],"acf":[],"yoast_head":"<!-- This site is optimized with the Yoast SEO plugin v27.4 - https:\/\/yoast.com\/product\/yoast-seo-wordpress\/ -->\n<title>Living Room - Ana Monro<\/title>\n<meta name=\"description\" content=\"Gledali\u0161\u010de Ane Monro je osrednja uli\u010dno-gledali\u0161ka organizacija v Sloveniji, ki umetnikom nudi rast, krepitev in ne nazadnje tudi zaslu\u017eek.\" \/>\n<meta name=\"robots\" content=\"index, follow, max-snippet:-1, max-image-preview:large, max-video-preview:-1\" \/>\n<link rel=\"canonical\" href=\"https:\/\/www.anamonro.si\/en\/living-room\/\" \/>\n<meta property=\"og:locale\" content=\"en_US\" \/>\n<meta property=\"og:type\" content=\"article\" \/>\n<meta property=\"og:title\" content=\"Living Room - Ana Monro\" \/>\n<meta property=\"og:description\" content=\"Gledali\u0161\u010de Ane Monro je osrednja uli\u010dno-gledali\u0161ka organizacija v Sloveniji, ki umetnikom nudi rast, krepitev in ne nazadnje tudi zaslu\u017eek.\" \/>\n<meta property=\"og:url\" content=\"https:\/\/www.anamonro.si\/en\/living-room\/\" \/>\n<meta property=\"og:site_name\" content=\"Ana Monro\" \/>\n<meta name=\"twitter:card\" content=\"summary_large_image\" \/>\n<meta name=\"twitter:label1\" content=\"Est. reading time\" \/>\n\t<meta name=\"twitter:data1\" content=\"1 minute\" \/>\n<script type=\"application\/ld+json\" class=\"yoast-schema-graph\">{\"@context\":\"https:\\\/\\\/schema.org\",\"@graph\":[{\"@type\":\"WebPage\",\"@id\":\"https:\\\/\\\/www.anamonro.si\\\/en\\\/living-room\\\/\",\"url\":\"https:\\\/\\\/www.anamonro.si\\\/en\\\/living-room\\\/\",\"name\":\"Living Room - Ana Monro\",\"isPartOf\":{\"@id\":\"https:\\\/\\\/www.anamonro.si\\\/#website\"},\"datePublished\":\"2019-07-02T07:29:37+00:00\",\"description\":\"Gledali\u0161\u010de Ane Monro je osrednja uli\u010dno-gledali\u0161ka organizacija v Sloveniji, ki umetnikom nudi rast, krepitev in ne nazadnje tudi zaslu\u017eek.\",\"breadcrumb\":{\"@id\":\"https:\\\/\\\/www.anamonro.si\\\/en\\\/living-room\\\/#breadcrumb\"},\"inLanguage\":\"en-US\",\"potentialAction\":[{\"@type\":\"ReadAction\",\"target\":[\"https:\\\/\\\/www.anamonro.si\\\/en\\\/living-room\\\/\"]}]},{\"@type\":\"BreadcrumbList\",\"@id\":\"https:\\\/\\\/www.anamonro.si\\\/en\\\/living-room\\\/#breadcrumb\",\"itemListElement\":[{\"@type\":\"ListItem\",\"position\":1,\"name\":\"Home\",\"item\":\"https:\\\/\\\/www.anamonro.si\\\/en\\\/\"},{\"@type\":\"ListItem\",\"position\":2,\"name\":\"Living Room\"}]},{\"@type\":\"WebSite\",\"@id\":\"https:\\\/\\\/www.anamonro.si\\\/#website\",\"url\":\"https:\\\/\\\/www.anamonro.si\\\/\",\"name\":\"Ana Monro\",\"description\":\"Uli\u010dno gledali\u0161\u010de\",\"potentialAction\":[{\"@type\":\"SearchAction\",\"target\":{\"@type\":\"EntryPoint\",\"urlTemplate\":\"https:\\\/\\\/www.anamonro.si\\\/?s={search_term_string}\"},\"query-input\":{\"@type\":\"PropertyValueSpecification\",\"valueRequired\":true,\"valueName\":\"search_term_string\"}}],\"inLanguage\":\"en-US\"}]}<\/script>\n<!-- \/ Yoast SEO plugin. -->","yoast_head_json":{"title":"Living Room - Ana Monro","description":"Gledali\u0161\u010de Ane Monro je osrednja uli\u010dno-gledali\u0161ka organizacija v Sloveniji, ki umetnikom nudi rast, krepitev in ne nazadnje tudi zaslu\u017eek.","robots":{"index":"index","follow":"follow","max-snippet":"max-snippet:-1","max-image-preview":"max-image-preview:large","max-video-preview":"max-video-preview:-1"},"canonical":"https:\/\/www.anamonro.si\/en\/living-room\/","og_locale":"en_US","og_type":"article","og_title":"Living Room - Ana Monro","og_description":"Gledali\u0161\u010de Ane Monro je osrednja uli\u010dno-gledali\u0161ka organizacija v Sloveniji, ki umetnikom nudi rast, krepitev in ne nazadnje tudi zaslu\u017eek.","og_url":"https:\/\/www.anamonro.si\/en\/living-room\/","og_site_name":"Ana Monro","twitter_card":"summary_large_image","twitter_misc":{"Est. reading time":"1 minute"},"schema":{"@context":"https:\/\/schema.org","@graph":[{"@type":"WebPage","@id":"https:\/\/www.anamonro.si\/en\/living-room\/","url":"https:\/\/www.anamonro.si\/en\/living-room\/","name":"Living Room - Ana Monro","isPartOf":{"@id":"https:\/\/www.anamonro.si\/#website"},"datePublished":"2019-07-02T07:29:37+00:00","description":"Gledali\u0161\u010de Ane Monro je osrednja uli\u010dno-gledali\u0161ka organizacija v Sloveniji, ki umetnikom nudi rast, krepitev in ne nazadnje tudi zaslu\u017eek.","breadcrumb":{"@id":"https:\/\/www.anamonro.si\/en\/living-room\/#breadcrumb"},"inLanguage":"en-US","potentialAction":[{"@type":"ReadAction","target":["https:\/\/www.anamonro.si\/en\/living-room\/"]}]},{"@type":"BreadcrumbList","@id":"https:\/\/www.anamonro.si\/en\/living-room\/#breadcrumb","itemListElement":[{"@type":"ListItem","position":1,"name":"Home","item":"https:\/\/www.anamonro.si\/en\/"},{"@type":"ListItem","position":2,"name":"Living Room"}]},{"@type":"WebSite","@id":"https:\/\/www.anamonro.si\/#website","url":"https:\/\/www.anamonro.si\/","name":"Ana Monro","description":"Uli\u010dno gledali\u0161\u010de","potentialAction":[{"@type":"SearchAction","target":{"@type":"EntryPoint","urlTemplate":"https:\/\/www.anamonro.si\/?s={search_term_string}"},"query-input":{"@type":"PropertyValueSpecification","valueRequired":true,"valueName":"search_term_string"}}],"inLanguage":"en-US"}]}},"_links":{"self":[{"href":"https:\/\/www.anamonro.si\/en\/wp-json\/wp\/v2\/pages\/6063","targetHints":{"allow":["GET"]}}],"collection":[{"href":"https:\/\/www.anamonro.si\/en\/wp-json\/wp\/v2\/pages"}],"about":[{"href":"https:\/\/www.anamonro.si\/en\/wp-json\/wp\/v2\/types\/page"}],"author":[{"embeddable":true,"href":"https:\/\/www.anamonro.si\/en\/wp-json\/wp\/v2\/users\/2"}],"replies":[{"embeddable":true,"href":"https:\/\/www.anamonro.si\/en\/wp-json\/wp\/v2\/comments?post=6063"}],"version-history":[{"count":3,"href":"https:\/\/www.anamonro.si\/en\/wp-json\/wp\/v2\/pages\/6063\/revisions"}],"predecessor-version":[{"id":6066,"href":"https:\/\/www.anamonro.si\/en\/wp-json\/wp\/v2\/pages\/6063\/revisions\/6066"}],"wp:attachment":[{"href":"https:\/\/www.anamonro.si\/en\/wp-json\/wp\/v2\/media?parent=6063"}],"curies":[{"name":"wp","href":"https:\/\/api.w.org\/{rel}","templated":true}]}}