{"id":5901,"date":"2019-06-30T17:11:52","date_gmt":"2019-06-30T15:11:52","guid":{"rendered":"https:\/\/www.anamonro.si\/?page_id=5901"},"modified":"2019-06-30T17:11:52","modified_gmt":"2019-06-30T15:11:52","slug":"festivals","status":"publish","type":"page","link":"https:\/\/www.anamonro.si\/en\/festivals\/","title":{"rendered":"Festivals"},"content":{"rendered":"<p>Our dialogue with an audience comes to life in the public space \u2013 our stage. It&#8217;s our goal to change the general purpose of the stage and make it accessible to people, which is why we&#8217;ve spent more than two decades organizing festivals with a strong artistic as well as a social note in the public space.<\/p>\n","protected":false},"excerpt":{"rendered":"<p>Our dialogue with an audience comes to life in the public space \u2013 our stage. It&#8217;s our goal to change the general purpose of the stage and make it accessible to people, which is why we&#8217;ve spent more than two decades organizing festivals with a strong artistic as well as a social note in the &#8230; <\/p>\n","protected":false},"author":2,"featured_media":0,"parent":0,"menu_order":6,"comment_status":"closed","ping_status":"closed","template":"template-pillar.php","meta":{"_acf_changed":false,"footnotes":""},"class_list":["post-5901","page","type-page","status-publish","hentry"],"acf":[],"yoast_head":"<!-- This site is optimized with the Yoast SEO plugin v27.4 - https:\/\/yoast.com\/product\/yoast-seo-wordpress\/ -->\n<title>Festivals - Ana Monro<\/title>\n<meta name=\"description\" content=\"Gledali\u0161\u010de Ane Monro je osrednja uli\u010dno-gledali\u0161ka organizacija v Sloveniji, ki umetnikom nudi rast, krepitev in ne nazadnje tudi zaslu\u017eek.\" \/>\n<meta name=\"robots\" content=\"index, follow, max-snippet:-1, max-image-preview:large, max-video-preview:-1\" \/>\n<link rel=\"canonical\" href=\"https:\/\/www.anamonro.si\/en\/festivals\/\" \/>\n<meta property=\"og:locale\" content=\"en_US\" \/>\n<meta property=\"og:type\" content=\"article\" \/>\n<meta property=\"og:title\" content=\"Festivals - Ana Monro\" \/>\n<meta property=\"og:description\" content=\"Gledali\u0161\u010de Ane Monro je osrednja uli\u010dno-gledali\u0161ka organizacija v Sloveniji, ki umetnikom nudi rast, krepitev in ne nazadnje tudi zaslu\u017eek.\" \/>\n<meta property=\"og:url\" content=\"https:\/\/www.anamonro.si\/en\/festivals\/\" \/>\n<meta property=\"og:site_name\" content=\"Ana Monro\" \/>\n<meta name=\"twitter:card\" content=\"summary_large_image\" \/>\n<script type=\"application\/ld+json\" class=\"yoast-schema-graph\">{\"@context\":\"https:\\\/\\\/schema.org\",\"@graph\":[{\"@type\":\"WebPage\",\"@id\":\"https:\\\/\\\/www.anamonro.si\\\/en\\\/festivals\\\/\",\"url\":\"https:\\\/\\\/www.anamonro.si\\\/en\\\/festivals\\\/\",\"name\":\"Festivals - Ana Monro\",\"isPartOf\":{\"@id\":\"https:\\\/\\\/www.anamonro.si\\\/#website\"},\"datePublished\":\"2019-06-30T15:11:52+00:00\",\"description\":\"Gledali\u0161\u010de Ane Monro je osrednja uli\u010dno-gledali\u0161ka organizacija v Sloveniji, ki umetnikom nudi rast, krepitev in ne nazadnje tudi zaslu\u017eek.\",\"breadcrumb\":{\"@id\":\"https:\\\/\\\/www.anamonro.si\\\/en\\\/festivals\\\/#breadcrumb\"},\"inLanguage\":\"en-US\",\"potentialAction\":[{\"@type\":\"ReadAction\",\"target\":[\"https:\\\/\\\/www.anamonro.si\\\/en\\\/festivals\\\/\"]}]},{\"@type\":\"BreadcrumbList\",\"@id\":\"https:\\\/\\\/www.anamonro.si\\\/en\\\/festivals\\\/#breadcrumb\",\"itemListElement\":[{\"@type\":\"ListItem\",\"position\":1,\"name\":\"Home\",\"item\":\"https:\\\/\\\/www.anamonro.si\\\/en\\\/\"},{\"@type\":\"ListItem\",\"position\":2,\"name\":\"Festivals\"}]},{\"@type\":\"WebSite\",\"@id\":\"https:\\\/\\\/www.anamonro.si\\\/#website\",\"url\":\"https:\\\/\\\/www.anamonro.si\\\/\",\"name\":\"Ana Monro\",\"description\":\"Uli\u010dno gledali\u0161\u010de\",\"potentialAction\":[{\"@type\":\"SearchAction\",\"target\":{\"@type\":\"EntryPoint\",\"urlTemplate\":\"https:\\\/\\\/www.anamonro.si\\\/?s={search_term_string}\"},\"query-input\":{\"@type\":\"PropertyValueSpecification\",\"valueRequired\":true,\"valueName\":\"search_term_string\"}}],\"inLanguage\":\"en-US\"}]}<\/script>\n<!-- \/ Yoast SEO plugin. -->","yoast_head_json":{"title":"Festivals - Ana Monro","description":"Gledali\u0161\u010de Ane Monro je osrednja uli\u010dno-gledali\u0161ka organizacija v Sloveniji, ki umetnikom nudi rast, krepitev in ne nazadnje tudi zaslu\u017eek.","robots":{"index":"index","follow":"follow","max-snippet":"max-snippet:-1","max-image-preview":"max-image-preview:large","max-video-preview":"max-video-preview:-1"},"canonical":"https:\/\/www.anamonro.si\/en\/festivals\/","og_locale":"en_US","og_type":"article","og_title":"Festivals - Ana Monro","og_description":"Gledali\u0161\u010de Ane Monro je osrednja uli\u010dno-gledali\u0161ka organizacija v Sloveniji, ki umetnikom nudi rast, krepitev in ne nazadnje tudi zaslu\u017eek.","og_url":"https:\/\/www.anamonro.si\/en\/festivals\/","og_site_name":"Ana Monro","twitter_card":"summary_large_image","schema":{"@context":"https:\/\/schema.org","@graph":[{"@type":"WebPage","@id":"https:\/\/www.anamonro.si\/en\/festivals\/","url":"https:\/\/www.anamonro.si\/en\/festivals\/","name":"Festivals - Ana Monro","isPartOf":{"@id":"https:\/\/www.anamonro.si\/#website"},"datePublished":"2019-06-30T15:11:52+00:00","description":"Gledali\u0161\u010de Ane Monro je osrednja uli\u010dno-gledali\u0161ka organizacija v Sloveniji, ki umetnikom nudi rast, krepitev in ne nazadnje tudi zaslu\u017eek.","breadcrumb":{"@id":"https:\/\/www.anamonro.si\/en\/festivals\/#breadcrumb"},"inLanguage":"en-US","potentialAction":[{"@type":"ReadAction","target":["https:\/\/www.anamonro.si\/en\/festivals\/"]}]},{"@type":"BreadcrumbList","@id":"https:\/\/www.anamonro.si\/en\/festivals\/#breadcrumb","itemListElement":[{"@type":"ListItem","position":1,"name":"Home","item":"https:\/\/www.anamonro.si\/en\/"},{"@type":"ListItem","position":2,"name":"Festivals"}]},{"@type":"WebSite","@id":"https:\/\/www.anamonro.si\/#website","url":"https:\/\/www.anamonro.si\/","name":"Ana Monro","description":"Uli\u010dno gledali\u0161\u010de","potentialAction":[{"@type":"SearchAction","target":{"@type":"EntryPoint","urlTemplate":"https:\/\/www.anamonro.si\/?s={search_term_string}"},"query-input":{"@type":"PropertyValueSpecification","valueRequired":true,"valueName":"search_term_string"}}],"inLanguage":"en-US"}]}},"_links":{"self":[{"href":"https:\/\/www.anamonro.si\/en\/wp-json\/wp\/v2\/pages\/5901","targetHints":{"allow":["GET"]}}],"collection":[{"href":"https:\/\/www.anamonro.si\/en\/wp-json\/wp\/v2\/pages"}],"about":[{"href":"https:\/\/www.anamonro.si\/en\/wp-json\/wp\/v2\/types\/page"}],"author":[{"embeddable":true,"href":"https:\/\/www.anamonro.si\/en\/wp-json\/wp\/v2\/users\/2"}],"replies":[{"embeddable":true,"href":"https:\/\/www.anamonro.si\/en\/wp-json\/wp\/v2\/comments?post=5901"}],"version-history":[{"count":1,"href":"https:\/\/www.anamonro.si\/en\/wp-json\/wp\/v2\/pages\/5901\/revisions"}],"predecessor-version":[{"id":5903,"href":"https:\/\/www.anamonro.si\/en\/wp-json\/wp\/v2\/pages\/5901\/revisions\/5903"}],"wp:attachment":[{"href":"https:\/\/www.anamonro.si\/en\/wp-json\/wp\/v2\/media?parent=5901"}],"curies":[{"name":"wp","href":"https:\/\/api.w.org\/{rel}","templated":true}]}}