{"id":14596,"date":"2022-02-14T17:49:19","date_gmt":"2022-02-14T16:49:19","guid":{"rendered":"https:\/\/www.anamonro.si\/?page_id=14596"},"modified":"2022-02-14T17:55:51","modified_gmt":"2022-02-14T16:55:51","slug":"14596-2","status":"publish","type":"page","link":"https:\/\/www.anamonro.si\/en\/14596-2\/","title":{"rendered":""},"content":{"rendered":"<h3><strong>A CHANCE FOR SLOVENIAN STREET THEATRE ARTISTS TO IMPROVE AND FOR TOUR!\u00a0<\/strong><\/h3>\n<p>&nbsp;<\/p>\n<h4><span style=\"text-decoration: underline;\"><strong>P2P PROGRAMME<\/strong><\/span><\/h4>\n<pre><\/pre>\n<ul>\n<li>As part of the jubilee 25th International Street Theater festival <strong><em>Ana Desetnica 2022<\/em><\/strong>, an <strong>international internal professional programme P2P<\/strong> will take place <strong>in Ljubljana (26.\u201329.6.).<\/strong><\/li>\n<li>The program is based on the <strong><em>peer to peer method <\/em><\/strong>\u2013 honest and direct exchange of opinions, suggestions, knowledge and experience between <strong>two international and one Slovenian<\/strong> street theatre <strong>artists or artistic groups<\/strong>.<\/li>\n<li>The participation in the P2P program is <strong>free of charge<\/strong>.<\/li>\n<li>The essence of the program is <strong>to work on<\/strong> their concrete <strong>performances<\/strong>, artistic<strong> improvement <\/strong>and<strong> development <\/strong>of performers and <strong>empowering <\/strong>them for performing in front of the widest international audience.<\/li>\n<li>All participants will perform at <em><strong>Ana Desetnica 2022<\/strong> <\/em>festival. The performances will be <strong>paid<\/strong>.<\/li>\n<\/ul>\n<pre><\/pre>\n<h4><strong><span style=\"text-decoration: underline;\">FESTIVAL VON NORD NACH<\/span> <span style=\"text-decoration: underline;\">WEST<\/span><\/strong><\/h4>\n<pre><\/pre>\n<ul>\n<li>The Slovenian participant of P2P programme will get an invintation to perform in different<strong> German <\/strong>cities within the travelling <strong>festival <em>Von Nord nach West <\/em><\/strong>in<strong> July<\/strong>.<\/li>\n<li><em>Ana Monro Theatre e<\/em>stablished a partnership with it in 2017 \u2013 at the level of an <strong>exchange of artists<\/strong>.\u00a0Therefore a selected group from Slovenia goes on tour in Germany, and the selected German group performs in several places in Slovenia.<\/li>\n<li>In doing so, the artists <strong>gain<\/strong> valuable <strong>experience<\/strong> of performing in front of a foreign audience and\/or in a different cultural environment, and they <strong>artistically strengthen<\/strong> and <strong>improve<\/strong> their <strong>performance<\/strong>.<\/li>\n<li>The Slovenian artist\/artistic group will perform in Germany on a hat, but the Von Nord nach West festival will cover costs of transport, accommodation and food.<\/li>\n<\/ul>\n","protected":false},"excerpt":{"rendered":"<p>A CHANCE FOR SLOVENIAN STREET THEATRE ARTISTS TO IMPROVE AND FOR TOUR!\u00a0 &nbsp; P2P PROGRAMME As part of the jubilee 25th International Street Theater festival Ana Desetnica 2022, an international internal professional programme P2P will take place in Ljubljana (26.\u201329.6.). The program is based on the peer to peer method \u2013 honest and direct exchange &#8230; <\/p>\n","protected":false},"author":2,"featured_media":14550,"parent":0,"menu_order":0,"comment_status":"closed","ping_status":"closed","template":"","meta":{"_acf_changed":false,"footnotes":""},"class_list":["post-14596","page","type-page","status-publish","has-post-thumbnail","hentry"],"acf":[],"yoast_head":"<!-- This site is optimized with the Yoast SEO plugin v27.4 - https:\/\/yoast.com\/product\/yoast-seo-wordpress\/ -->\n<title>- Ana Monro<\/title>\n<meta name=\"description\" content=\"Gledali\u0161\u010de Ane Monro je osrednja uli\u010dno-gledali\u0161ka organizacija v Sloveniji, ki umetnikom nudi rast, krepitev in ne nazadnje tudi zaslu\u017eek.\" \/>\n<meta name=\"robots\" content=\"index, follow, max-snippet:-1, max-image-preview:large, max-video-preview:-1\" \/>\n<link rel=\"canonical\" href=\"https:\/\/www.anamonro.si\/en\/14596-2\/\" \/>\n<meta property=\"og:locale\" content=\"en_US\" \/>\n<meta property=\"og:type\" content=\"article\" \/>\n<meta property=\"og:title\" content=\"- Ana Monro\" \/>\n<meta property=\"og:description\" content=\"Gledali\u0161\u010de Ane Monro je osrednja uli\u010dno-gledali\u0161ka organizacija v Sloveniji, ki umetnikom nudi rast, krepitev in ne nazadnje tudi zaslu\u017eek.\" \/>\n<meta property=\"og:url\" content=\"https:\/\/www.anamonro.si\/en\/14596-2\/\" \/>\n<meta property=\"og:site_name\" content=\"Ana Monro\" \/>\n<meta property=\"article:modified_time\" content=\"2022-02-14T16:55:51+00:00\" \/>\n<meta property=\"og:image\" content=\"https:\/\/www.anamonro.si\/wp-content\/uploads\/2022\/02\/VNNW-1.jpg\" \/>\n\t<meta property=\"og:image:width\" content=\"1440\" \/>\n\t<meta property=\"og:image:height\" content=\"1018\" \/>\n\t<meta property=\"og:image:type\" content=\"image\/jpeg\" \/>\n<meta name=\"twitter:card\" content=\"summary_large_image\" \/>\n<meta name=\"twitter:label1\" content=\"Est. reading time\" \/>\n\t<meta name=\"twitter:data1\" content=\"2 minutes\" \/>\n<script type=\"application\/ld+json\" class=\"yoast-schema-graph\">{\"@context\":\"https:\\\/\\\/schema.org\",\"@graph\":[{\"@type\":\"WebPage\",\"@id\":\"https:\\\/\\\/www.anamonro.si\\\/en\\\/14596-2\\\/\",\"url\":\"https:\\\/\\\/www.anamonro.si\\\/en\\\/14596-2\\\/\",\"name\":\"- Ana Monro\",\"isPartOf\":{\"@id\":\"https:\\\/\\\/www.anamonro.si\\\/#website\"},\"primaryImageOfPage\":{\"@id\":\"https:\\\/\\\/www.anamonro.si\\\/en\\\/14596-2\\\/#primaryimage\"},\"image\":{\"@id\":\"https:\\\/\\\/www.anamonro.si\\\/en\\\/14596-2\\\/#primaryimage\"},\"thumbnailUrl\":\"https:\\\/\\\/www.anamonro.si\\\/wp-content\\\/uploads\\\/2022\\\/02\\\/VNNW-1.jpg\",\"datePublished\":\"2022-02-14T16:49:19+00:00\",\"dateModified\":\"2022-02-14T16:55:51+00:00\",\"description\":\"Gledali\u0161\u010de Ane Monro je osrednja uli\u010dno-gledali\u0161ka organizacija v Sloveniji, ki umetnikom nudi rast, krepitev in ne nazadnje tudi zaslu\u017eek.\",\"inLanguage\":\"en-US\",\"potentialAction\":[{\"@type\":\"ReadAction\",\"target\":[\"https:\\\/\\\/www.anamonro.si\\\/en\\\/14596-2\\\/\"]}]},{\"@type\":\"ImageObject\",\"inLanguage\":\"en-US\",\"@id\":\"https:\\\/\\\/www.anamonro.si\\\/en\\\/14596-2\\\/#primaryimage\",\"url\":\"https:\\\/\\\/www.anamonro.si\\\/wp-content\\\/uploads\\\/2022\\\/02\\\/VNNW-1.jpg\",\"contentUrl\":\"https:\\\/\\\/www.anamonro.si\\\/wp-content\\\/uploads\\\/2022\\\/02\\\/VNNW-1.jpg\",\"width\":1440,\"height\":1018},{\"@type\":\"WebSite\",\"@id\":\"https:\\\/\\\/www.anamonro.si\\\/#website\",\"url\":\"https:\\\/\\\/www.anamonro.si\\\/\",\"name\":\"Ana Monro\",\"description\":\"Uli\u010dno gledali\u0161\u010de\",\"potentialAction\":[{\"@type\":\"SearchAction\",\"target\":{\"@type\":\"EntryPoint\",\"urlTemplate\":\"https:\\\/\\\/www.anamonro.si\\\/?s={search_term_string}\"},\"query-input\":{\"@type\":\"PropertyValueSpecification\",\"valueRequired\":true,\"valueName\":\"search_term_string\"}}],\"inLanguage\":\"en-US\"}]}<\/script>\n<!-- \/ Yoast SEO plugin. -->","yoast_head_json":{"title":"- Ana Monro","description":"Gledali\u0161\u010de Ane Monro je osrednja uli\u010dno-gledali\u0161ka organizacija v Sloveniji, ki umetnikom nudi rast, krepitev in ne nazadnje tudi zaslu\u017eek.","robots":{"index":"index","follow":"follow","max-snippet":"max-snippet:-1","max-image-preview":"max-image-preview:large","max-video-preview":"max-video-preview:-1"},"canonical":"https:\/\/www.anamonro.si\/en\/14596-2\/","og_locale":"en_US","og_type":"article","og_title":"- Ana Monro","og_description":"Gledali\u0161\u010de Ane Monro je osrednja uli\u010dno-gledali\u0161ka organizacija v Sloveniji, ki umetnikom nudi rast, krepitev in ne nazadnje tudi zaslu\u017eek.","og_url":"https:\/\/www.anamonro.si\/en\/14596-2\/","og_site_name":"Ana Monro","article_modified_time":"2022-02-14T16:55:51+00:00","og_image":[{"width":1440,"height":1018,"url":"https:\/\/www.anamonro.si\/wp-content\/uploads\/2022\/02\/VNNW-1.jpg","type":"image\/jpeg"}],"twitter_card":"summary_large_image","twitter_misc":{"Est. reading time":"2 minutes"},"schema":{"@context":"https:\/\/schema.org","@graph":[{"@type":"WebPage","@id":"https:\/\/www.anamonro.si\/en\/14596-2\/","url":"https:\/\/www.anamonro.si\/en\/14596-2\/","name":"- Ana Monro","isPartOf":{"@id":"https:\/\/www.anamonro.si\/#website"},"primaryImageOfPage":{"@id":"https:\/\/www.anamonro.si\/en\/14596-2\/#primaryimage"},"image":{"@id":"https:\/\/www.anamonro.si\/en\/14596-2\/#primaryimage"},"thumbnailUrl":"https:\/\/www.anamonro.si\/wp-content\/uploads\/2022\/02\/VNNW-1.jpg","datePublished":"2022-02-14T16:49:19+00:00","dateModified":"2022-02-14T16:55:51+00:00","description":"Gledali\u0161\u010de Ane Monro je osrednja uli\u010dno-gledali\u0161ka organizacija v Sloveniji, ki umetnikom nudi rast, krepitev in ne nazadnje tudi zaslu\u017eek.","inLanguage":"en-US","potentialAction":[{"@type":"ReadAction","target":["https:\/\/www.anamonro.si\/en\/14596-2\/"]}]},{"@type":"ImageObject","inLanguage":"en-US","@id":"https:\/\/www.anamonro.si\/en\/14596-2\/#primaryimage","url":"https:\/\/www.anamonro.si\/wp-content\/uploads\/2022\/02\/VNNW-1.jpg","contentUrl":"https:\/\/www.anamonro.si\/wp-content\/uploads\/2022\/02\/VNNW-1.jpg","width":1440,"height":1018},{"@type":"WebSite","@id":"https:\/\/www.anamonro.si\/#website","url":"https:\/\/www.anamonro.si\/","name":"Ana Monro","description":"Uli\u010dno gledali\u0161\u010de","potentialAction":[{"@type":"SearchAction","target":{"@type":"EntryPoint","urlTemplate":"https:\/\/www.anamonro.si\/?s={search_term_string}"},"query-input":{"@type":"PropertyValueSpecification","valueRequired":true,"valueName":"search_term_string"}}],"inLanguage":"en-US"}]}},"_links":{"self":[{"href":"https:\/\/www.anamonro.si\/en\/wp-json\/wp\/v2\/pages\/14596","targetHints":{"allow":["GET"]}}],"collection":[{"href":"https:\/\/www.anamonro.si\/en\/wp-json\/wp\/v2\/pages"}],"about":[{"href":"https:\/\/www.anamonro.si\/en\/wp-json\/wp\/v2\/types\/page"}],"author":[{"embeddable":true,"href":"https:\/\/www.anamonro.si\/en\/wp-json\/wp\/v2\/users\/2"}],"replies":[{"embeddable":true,"href":"https:\/\/www.anamonro.si\/en\/wp-json\/wp\/v2\/comments?post=14596"}],"version-history":[{"count":5,"href":"https:\/\/www.anamonro.si\/en\/wp-json\/wp\/v2\/pages\/14596\/revisions"}],"predecessor-version":[{"id":14618,"href":"https:\/\/www.anamonro.si\/en\/wp-json\/wp\/v2\/pages\/14596\/revisions\/14618"}],"wp:featuredmedia":[{"embeddable":true,"href":"https:\/\/www.anamonro.si\/en\/wp-json\/wp\/v2\/media\/14550"}],"wp:attachment":[{"href":"https:\/\/www.anamonro.si\/en\/wp-json\/wp\/v2\/media?parent=14596"}],"curies":[{"name":"wp","href":"https:\/\/api.w.org\/{rel}","templated":true}]}}