{"id":14431,"date":"2022-02-07T19:13:49","date_gmt":"2022-02-07T18:13:49","guid":{"rendered":"https:\/\/www.anamonro.si\/?page_id=14431"},"modified":"2022-03-15T19:18:29","modified_gmt":"2022-03-15T18:18:29","slug":"the-month-of-cpsa-education","status":"publish","type":"page","link":"https:\/\/www.anamonro.si\/en\/the-month-of-cpsa-education\/","title":{"rendered":"The MONTH OF Contemporary Performing Street Arts EDUCATION"},"content":{"rendered":"<h4><strong><span style=\"text-decoration: underline;\">Ljubljana, Slovenia<\/span><\/strong><\/h4>\n<p>&nbsp;<\/p>\n<p>We chose to gather our <strong>15 years of expertise<\/strong> in organising courses in the Contemporary Performative Street Arts (CPSA) and offer some of them to you <strong>in one intense month. <\/strong><\/p>\n<p>Therefore in spring 2022 we will host a series of <strong>3 consequtive practical workshops:<\/strong><\/p>\n<ul>\n<li><strong style=\"font-size: 1rem;\">\u0160UGLA Basics<\/strong> &#8211; for BEGINNERS,<\/li>\n<li><strong>\u0160<\/strong><strong>UGLA Masterclass <\/strong>&#8211; for EXPERIENCED,<\/li>\n<li><strong style=\"font-size: 1rem;\"><span style=\"font-size: 1rem;\">SIMS Laboratory<\/span><\/strong><span style=\"font-size: 1rem;\"> &#8211; <\/span><span style=\"font-size: 1rem;\">for VISIONARIES<\/span><span style=\"font-size: 1rem;\">.<\/span><\/li>\n<\/ul>\n<p>We invite you to attend the two courses plus the laboratory separately or in any chosen combination.<\/p>\n<p>And we dare you to <strong>be with us through it all<\/strong>!<\/p>\n","protected":false},"excerpt":{"rendered":"<p>Ljubljana, Slovenia &nbsp; We chose to gather our 15 years of expertise in organising courses in the Contemporary Performative Street Arts (CPSA) and offer some of them to you in one intense month. Therefore in spring 2022 we will host a series of 3 consequtive practical workshops: \u0160UGLA Basics &#8211; for BEGINNERS, \u0160UGLA Masterclass &#8211; &#8230; <\/p>\n","protected":false},"author":2,"featured_media":14488,"parent":0,"menu_order":0,"comment_status":"closed","ping_status":"closed","template":"","meta":{"_acf_changed":false,"footnotes":""},"class_list":["post-14431","page","type-page","status-publish","has-post-thumbnail","hentry"],"acf":[],"yoast_head":"<!-- This site is optimized with the Yoast SEO plugin v27.4 - https:\/\/yoast.com\/product\/yoast-seo-wordpress\/ -->\n<title>The MONTH OF Contemporary Performing Street Arts EDUCATION - Ana Monro<\/title>\n<meta name=\"description\" content=\"Gledali\u0161\u010de Ane Monro je osrednja uli\u010dno-gledali\u0161ka organizacija v Sloveniji, ki umetnikom nudi rast, krepitev in ne nazadnje tudi zaslu\u017eek.\" \/>\n<meta name=\"robots\" content=\"index, follow, max-snippet:-1, max-image-preview:large, max-video-preview:-1\" \/>\n<link rel=\"canonical\" href=\"https:\/\/www.anamonro.si\/en\/the-month-of-cpsa-education\/\" \/>\n<meta property=\"og:locale\" content=\"en_US\" \/>\n<meta property=\"og:type\" content=\"article\" \/>\n<meta property=\"og:title\" content=\"The MONTH OF Contemporary Performing Street Arts EDUCATION - Ana Monro\" \/>\n<meta property=\"og:description\" content=\"Gledali\u0161\u010de Ane Monro je osrednja uli\u010dno-gledali\u0161ka organizacija v Sloveniji, ki umetnikom nudi rast, krepitev in ne nazadnje tudi zaslu\u017eek.\" \/>\n<meta property=\"og:url\" content=\"https:\/\/www.anamonro.si\/en\/the-month-of-cpsa-education\/\" \/>\n<meta property=\"og:site_name\" content=\"Ana Monro\" \/>\n<meta property=\"article:modified_time\" content=\"2022-03-15T18:18:29+00:00\" \/>\n<meta property=\"og:image\" content=\"https:\/\/www.anamonro.si\/wp-content\/uploads\/2022\/02\/MONTH-OF-CPSA-EDUCATION.jpg\" \/>\n\t<meta property=\"og:image:width\" content=\"1680\" \/>\n\t<meta property=\"og:image:height\" content=\"1116\" \/>\n\t<meta property=\"og:image:type\" content=\"image\/jpeg\" \/>\n<meta name=\"twitter:card\" content=\"summary_large_image\" \/>\n<meta name=\"twitter:label1\" content=\"Est. reading time\" \/>\n\t<meta name=\"twitter:data1\" content=\"1 minute\" \/>\n<script type=\"application\/ld+json\" class=\"yoast-schema-graph\">{\"@context\":\"https:\\\/\\\/schema.org\",\"@graph\":[{\"@type\":\"WebPage\",\"@id\":\"https:\\\/\\\/www.anamonro.si\\\/en\\\/the-month-of-cpsa-education\\\/\",\"url\":\"https:\\\/\\\/www.anamonro.si\\\/en\\\/the-month-of-cpsa-education\\\/\",\"name\":\"The MONTH OF Contemporary Performing Street Arts EDUCATION - Ana Monro\",\"isPartOf\":{\"@id\":\"https:\\\/\\\/www.anamonro.si\\\/#website\"},\"primaryImageOfPage\":{\"@id\":\"https:\\\/\\\/www.anamonro.si\\\/en\\\/the-month-of-cpsa-education\\\/#primaryimage\"},\"image\":{\"@id\":\"https:\\\/\\\/www.anamonro.si\\\/en\\\/the-month-of-cpsa-education\\\/#primaryimage\"},\"thumbnailUrl\":\"https:\\\/\\\/www.anamonro.si\\\/wp-content\\\/uploads\\\/2022\\\/02\\\/MONTH-OF-CPSA-EDUCATION.jpg\",\"datePublished\":\"2022-02-07T18:13:49+00:00\",\"dateModified\":\"2022-03-15T18:18:29+00:00\",\"description\":\"Gledali\u0161\u010de Ane Monro je osrednja uli\u010dno-gledali\u0161ka organizacija v Sloveniji, ki umetnikom nudi rast, krepitev in ne nazadnje tudi zaslu\u017eek.\",\"breadcrumb\":{\"@id\":\"https:\\\/\\\/www.anamonro.si\\\/en\\\/the-month-of-cpsa-education\\\/#breadcrumb\"},\"inLanguage\":\"en-US\",\"potentialAction\":[{\"@type\":\"ReadAction\",\"target\":[\"https:\\\/\\\/www.anamonro.si\\\/en\\\/the-month-of-cpsa-education\\\/\"]}]},{\"@type\":\"ImageObject\",\"inLanguage\":\"en-US\",\"@id\":\"https:\\\/\\\/www.anamonro.si\\\/en\\\/the-month-of-cpsa-education\\\/#primaryimage\",\"url\":\"https:\\\/\\\/www.anamonro.si\\\/wp-content\\\/uploads\\\/2022\\\/02\\\/MONTH-OF-CPSA-EDUCATION.jpg\",\"contentUrl\":\"https:\\\/\\\/www.anamonro.si\\\/wp-content\\\/uploads\\\/2022\\\/02\\\/MONTH-OF-CPSA-EDUCATION.jpg\",\"width\":1680,\"height\":1116,\"caption\":\"Month Of Cpsa Education\"},{\"@type\":\"BreadcrumbList\",\"@id\":\"https:\\\/\\\/www.anamonro.si\\\/en\\\/the-month-of-cpsa-education\\\/#breadcrumb\",\"itemListElement\":[{\"@type\":\"ListItem\",\"position\":1,\"name\":\"Home\",\"item\":\"https:\\\/\\\/www.anamonro.si\\\/en\\\/\"},{\"@type\":\"ListItem\",\"position\":2,\"name\":\"The MONTH OF Contemporary Performing Street Arts EDUCATION\"}]},{\"@type\":\"WebSite\",\"@id\":\"https:\\\/\\\/www.anamonro.si\\\/#website\",\"url\":\"https:\\\/\\\/www.anamonro.si\\\/\",\"name\":\"Ana Monro\",\"description\":\"Uli\u010dno gledali\u0161\u010de\",\"potentialAction\":[{\"@type\":\"SearchAction\",\"target\":{\"@type\":\"EntryPoint\",\"urlTemplate\":\"https:\\\/\\\/www.anamonro.si\\\/?s={search_term_string}\"},\"query-input\":{\"@type\":\"PropertyValueSpecification\",\"valueRequired\":true,\"valueName\":\"search_term_string\"}}],\"inLanguage\":\"en-US\"}]}<\/script>\n<!-- \/ Yoast SEO plugin. -->","yoast_head_json":{"title":"The MONTH OF Contemporary Performing Street Arts EDUCATION - Ana Monro","description":"Gledali\u0161\u010de Ane Monro je osrednja uli\u010dno-gledali\u0161ka organizacija v Sloveniji, ki umetnikom nudi rast, krepitev in ne nazadnje tudi zaslu\u017eek.","robots":{"index":"index","follow":"follow","max-snippet":"max-snippet:-1","max-image-preview":"max-image-preview:large","max-video-preview":"max-video-preview:-1"},"canonical":"https:\/\/www.anamonro.si\/en\/the-month-of-cpsa-education\/","og_locale":"en_US","og_type":"article","og_title":"The MONTH OF Contemporary Performing Street Arts EDUCATION - Ana Monro","og_description":"Gledali\u0161\u010de Ane Monro je osrednja uli\u010dno-gledali\u0161ka organizacija v Sloveniji, ki umetnikom nudi rast, krepitev in ne nazadnje tudi zaslu\u017eek.","og_url":"https:\/\/www.anamonro.si\/en\/the-month-of-cpsa-education\/","og_site_name":"Ana Monro","article_modified_time":"2022-03-15T18:18:29+00:00","og_image":[{"width":1680,"height":1116,"url":"https:\/\/www.anamonro.si\/wp-content\/uploads\/2022\/02\/MONTH-OF-CPSA-EDUCATION.jpg","type":"image\/jpeg"}],"twitter_card":"summary_large_image","twitter_misc":{"Est. reading time":"1 minute"},"schema":{"@context":"https:\/\/schema.org","@graph":[{"@type":"WebPage","@id":"https:\/\/www.anamonro.si\/en\/the-month-of-cpsa-education\/","url":"https:\/\/www.anamonro.si\/en\/the-month-of-cpsa-education\/","name":"The MONTH OF Contemporary Performing Street Arts EDUCATION - Ana Monro","isPartOf":{"@id":"https:\/\/www.anamonro.si\/#website"},"primaryImageOfPage":{"@id":"https:\/\/www.anamonro.si\/en\/the-month-of-cpsa-education\/#primaryimage"},"image":{"@id":"https:\/\/www.anamonro.si\/en\/the-month-of-cpsa-education\/#primaryimage"},"thumbnailUrl":"https:\/\/www.anamonro.si\/wp-content\/uploads\/2022\/02\/MONTH-OF-CPSA-EDUCATION.jpg","datePublished":"2022-02-07T18:13:49+00:00","dateModified":"2022-03-15T18:18:29+00:00","description":"Gledali\u0161\u010de Ane Monro je osrednja uli\u010dno-gledali\u0161ka organizacija v Sloveniji, ki umetnikom nudi rast, krepitev in ne nazadnje tudi zaslu\u017eek.","breadcrumb":{"@id":"https:\/\/www.anamonro.si\/en\/the-month-of-cpsa-education\/#breadcrumb"},"inLanguage":"en-US","potentialAction":[{"@type":"ReadAction","target":["https:\/\/www.anamonro.si\/en\/the-month-of-cpsa-education\/"]}]},{"@type":"ImageObject","inLanguage":"en-US","@id":"https:\/\/www.anamonro.si\/en\/the-month-of-cpsa-education\/#primaryimage","url":"https:\/\/www.anamonro.si\/wp-content\/uploads\/2022\/02\/MONTH-OF-CPSA-EDUCATION.jpg","contentUrl":"https:\/\/www.anamonro.si\/wp-content\/uploads\/2022\/02\/MONTH-OF-CPSA-EDUCATION.jpg","width":1680,"height":1116,"caption":"Month Of Cpsa Education"},{"@type":"BreadcrumbList","@id":"https:\/\/www.anamonro.si\/en\/the-month-of-cpsa-education\/#breadcrumb","itemListElement":[{"@type":"ListItem","position":1,"name":"Home","item":"https:\/\/www.anamonro.si\/en\/"},{"@type":"ListItem","position":2,"name":"The MONTH OF Contemporary Performing Street Arts EDUCATION"}]},{"@type":"WebSite","@id":"https:\/\/www.anamonro.si\/#website","url":"https:\/\/www.anamonro.si\/","name":"Ana Monro","description":"Uli\u010dno gledali\u0161\u010de","potentialAction":[{"@type":"SearchAction","target":{"@type":"EntryPoint","urlTemplate":"https:\/\/www.anamonro.si\/?s={search_term_string}"},"query-input":{"@type":"PropertyValueSpecification","valueRequired":true,"valueName":"search_term_string"}}],"inLanguage":"en-US"}]}},"_links":{"self":[{"href":"https:\/\/www.anamonro.si\/en\/wp-json\/wp\/v2\/pages\/14431","targetHints":{"allow":["GET"]}}],"collection":[{"href":"https:\/\/www.anamonro.si\/en\/wp-json\/wp\/v2\/pages"}],"about":[{"href":"https:\/\/www.anamonro.si\/en\/wp-json\/wp\/v2\/types\/page"}],"author":[{"embeddable":true,"href":"https:\/\/www.anamonro.si\/en\/wp-json\/wp\/v2\/users\/2"}],"replies":[{"embeddable":true,"href":"https:\/\/www.anamonro.si\/en\/wp-json\/wp\/v2\/comments?post=14431"}],"version-history":[{"count":5,"href":"https:\/\/www.anamonro.si\/en\/wp-json\/wp\/v2\/pages\/14431\/revisions"}],"predecessor-version":[{"id":14710,"href":"https:\/\/www.anamonro.si\/en\/wp-json\/wp\/v2\/pages\/14431\/revisions\/14710"}],"wp:featuredmedia":[{"embeddable":true,"href":"https:\/\/www.anamonro.si\/en\/wp-json\/wp\/v2\/media\/14488"}],"wp:attachment":[{"href":"https:\/\/www.anamonro.si\/en\/wp-json\/wp\/v2\/media?parent=14431"}],"curies":[{"name":"wp","href":"https:\/\/api.w.org\/{rel}","templated":true}]}}